{"id":214,"date":"2020-04-13T11:18:52","date_gmt":"2020-04-13T11:18:52","guid":{"rendered":"https:\/\/nature-studios.ca\/index.php\/about\/"},"modified":"2023-06-13T23:34:38","modified_gmt":"2023-06-13T23:34:38","slug":"about","status":"publish","type":"page","link":"https:\/\/nature-studios.ca\/index.php\/about\/","title":{"rendered":"\u00c0 propos"},"content":{"rendered":"\t\t<div data-elementor-type=\"wp-page\" data-elementor-id=\"214\" class=\"elementor elementor-214\">\n\t\t\t\t\t\t\t\t\t<section class=\"elementor-section elementor-top-section elementor-element elementor-element-5131a13e elementor-section-boxed elementor-section-height-default elementor-section-height-default\" data-id=\"5131a13e\" data-element_type=\"section\" data-settings=\"{&quot;background_background&quot;:&quot;classic&quot;}\" data-e-bg-lazyload=\"\">\n\t\t\t\t\t\t\t<div class=\"elementor-background-overlay\"><\/div>\n\t\t\t\t\t\t\t<div class=\"elementor-container elementor-column-gap-default\">\n\t\t\t\t\t<div class=\"elementor-column elementor-col-100 elementor-top-column elementor-element elementor-element-1053ca7a\" data-id=\"1053ca7a\" data-element_type=\"column\">\n\t\t\t<div class=\"elementor-widget-wrap elementor-element-populated\">\n\t\t\t\t\t\t\t\t<div class=\"elementor-element elementor-element-3d99e122 elementor-widget elementor-widget-heading\" data-id=\"3d99e122\" data-element_type=\"widget\" data-widget_type=\"heading.default\">\n\t\t\t\t<div class=\"elementor-widget-container\">\n\t\t\t<style>\/*! elementor - v3.13.3 - 28-05-2023 *\/\n.elementor-heading-title{padding:0;margin:0;line-height:1}.elementor-widget-heading .elementor-heading-title[class*=elementor-size-]>a{color:inherit;font-size:inherit;line-height:inherit}.elementor-widget-heading .elementor-heading-title.elementor-size-small{font-size:15px}.elementor-widget-heading .elementor-heading-title.elementor-size-medium{font-size:19px}.elementor-widget-heading .elementor-heading-title.elementor-size-large{font-size:29px}.elementor-widget-heading .elementor-heading-title.elementor-size-xl{font-size:39px}.elementor-widget-heading .elementor-heading-title.elementor-size-xxl{font-size:59px}<\/style><h1 class=\"elementor-heading-title elementor-size-default\">\u00c0 propos <\/h1>\t\t<\/div>\n\t\t\t\t<\/div>\n\t\t\t\t\t<\/div>\n\t\t<\/div>\n\t\t\t\t\t\t\t<\/div>\n\t\t<\/section>\n\t\t\t\t<section class=\"elementor-section elementor-top-section elementor-element elementor-element-40177ae0 elementor-section-boxed elementor-section-height-default elementor-section-height-default\" data-id=\"40177ae0\" data-element_type=\"section\">\n\t\t\t\t\t\t<div class=\"elementor-container elementor-column-gap-no\">\n\t\t\t\t\t<div class=\"elementor-column elementor-col-100 elementor-top-column elementor-element elementor-element-48096891\" data-id=\"48096891\" data-element_type=\"column\">\n\t\t\t<div class=\"elementor-widget-wrap elementor-element-populated\">\n\t\t\t\t\t\t\t\t<div class=\"elementor-element elementor-element-3b55a0c elementor-invisible elementor-widget elementor-widget-image\" data-id=\"3b55a0c\" data-element_type=\"widget\" data-settings=\"{&quot;_animation&quot;:&quot;slideInUp&quot;}\" data-widget_type=\"image.default\">\n\t\t\t\t<div class=\"elementor-widget-container\">\n\t\t\t<style>\/*! elementor - v3.13.3 - 28-05-2023 *\/\n.elementor-widget-image{text-align:center}.elementor-widget-image a{display:inline-block}.elementor-widget-image a img[src$=\".svg\"]{width:48px}.elementor-widget-image img{vertical-align:middle;display:inline-block}<\/style>\t\t\t\t\t\t\t\t\t\t\t\t<img decoding=\"async\" width=\"750\" height=\"646\" src=\"https:\/\/nature-studios.ca\/wp-content\/uploads\/2023\/06\/352867835_1539540279911104_6882692005798402789_n.jpg\" class=\"attachment-medium_large size-medium_large wp-image-502\" alt=\"\" loading=\"lazy\" srcset=\"https:\/\/nature-studios.ca\/wp-content\/uploads\/2023\/06\/352867835_1539540279911104_6882692005798402789_n.jpg 750w, https:\/\/nature-studios.ca\/wp-content\/uploads\/2023\/06\/352867835_1539540279911104_6882692005798402789_n-300x258.jpg 300w\" sizes=\"(max-width: 750px) 100vw, 750px\" \/>\t\t\t\t\t\t\t\t\t\t\t\t\t\t\t<\/div>\n\t\t\t\t<\/div>\n\t\t\t\t<div class=\"elementor-element elementor-element-db9dd8b elementor-position-top elementor-vertical-align-top elementor-widget elementor-widget-image-box\" data-id=\"db9dd8b\" data-element_type=\"widget\" data-widget_type=\"image-box.default\">\n\t\t\t\t<div class=\"elementor-widget-container\">\n\t\t\t<style>\/*! elementor - v3.13.3 - 28-05-2023 *\/\n.elementor-widget-image-box .elementor-image-box-content{width:100%}@media (min-width:768px){.elementor-widget-image-box.elementor-position-left .elementor-image-box-wrapper,.elementor-widget-image-box.elementor-position-right .elementor-image-box-wrapper{display:flex}.elementor-widget-image-box.elementor-position-right .elementor-image-box-wrapper{text-align:right;flex-direction:row-reverse}.elementor-widget-image-box.elementor-position-left .elementor-image-box-wrapper{text-align:left;flex-direction:row}.elementor-widget-image-box.elementor-position-top .elementor-image-box-img{margin:auto}.elementor-widget-image-box.elementor-vertical-align-top .elementor-image-box-wrapper{align-items:flex-start}.elementor-widget-image-box.elementor-vertical-align-middle .elementor-image-box-wrapper{align-items:center}.elementor-widget-image-box.elementor-vertical-align-bottom .elementor-image-box-wrapper{align-items:flex-end}}@media (max-width:767px){.elementor-widget-image-box .elementor-image-box-img{margin-left:auto!important;margin-right:auto!important;margin-bottom:15px}}.elementor-widget-image-box .elementor-image-box-img{display:inline-block}.elementor-widget-image-box .elementor-image-box-title a{color:inherit}.elementor-widget-image-box .elementor-image-box-wrapper{text-align:center}.elementor-widget-image-box .elementor-image-box-description{margin:0}<\/style><div class=\"elementor-image-box-wrapper\"><div class=\"elementor-image-box-content\"><h2 class=\"elementor-image-box-title\">MIKE.KB<\/h2><\/div><\/div>\t\t<\/div>\n\t\t\t\t<\/div>\n\t\t\t\t<div class=\"elementor-element elementor-element-0f3486a elementor-widget elementor-widget-text-editor\" data-id=\"0f3486a\" data-element_type=\"widget\" data-widget_type=\"text-editor.default\">\n\t\t\t\t<div class=\"elementor-widget-container\">\n\t\t\t<style>\/*! elementor - v3.13.3 - 28-05-2023 *\/\n.elementor-widget-text-editor.elementor-drop-cap-view-stacked .elementor-drop-cap{background-color:#69727d;color:#fff}.elementor-widget-text-editor.elementor-drop-cap-view-framed .elementor-drop-cap{color:#69727d;border:3px solid;background-color:transparent}.elementor-widget-text-editor:not(.elementor-drop-cap-view-default) .elementor-drop-cap{margin-top:8px}.elementor-widget-text-editor:not(.elementor-drop-cap-view-default) .elementor-drop-cap-letter{width:1em;height:1em}.elementor-widget-text-editor .elementor-drop-cap{float:left;text-align:center;line-height:1;font-size:50px}.elementor-widget-text-editor .elementor-drop-cap-letter{display:inline-block}<\/style>\t\t\t\t<p style=\"text-align: center;\"><strong>Mike<\/strong> est un professionnel tr\u00e8s exp\u00e9riment\u00e9 dans le domaine de l&#8217;entretien et de l&#8217;installation. <strong>Avec plus de 20 000 heures<\/strong> d&#8217;exp\u00e9rience, vous pouvez \u00eatre s\u00fbr qu&#8217;il poss\u00e8de les comp\u00e9tences et le savoir-faire n\u00e9cessaires pour bien faire le travail. Il a la r\u00e9putation d&#8217;\u00eatre fiable, efficace et comp\u00e9tent dans tous les aspects de l&#8217;entretien et de l&#8217;installation. Il a travaill\u00e9 avec des clients du monde entier, leur offrant un service de qualit\u00e9 qui r\u00e9pond \u00e0 leurs besoins et d\u00e9passe leurs attentes. Que vous ayez besoin d&#8217;aide pour des r\u00e9parations ou des installations, l&#8217;expertise de <strong>Mike assurera votre satisfaction \u00e0 chaque fois.<\/strong><\/p>\t\t\t\t\t\t<\/div>\n\t\t\t\t<\/div>\n\t\t\t\t<div class=\"elementor-element elementor-element-e56ab06 elementor-widget elementor-widget-text-editor\" data-id=\"e56ab06\" data-element_type=\"widget\" data-widget_type=\"text-editor.default\">\n\t\t\t\t<div class=\"elementor-widget-container\">\n\t\t\t\t\t\t\t<p style=\"text-align: center;\">La remise des dipl\u00f4mes de <strong>Mike<\/strong> au<span style=\"color: #008000;\"> <strong>Centre d&#8217;horticulture de Laval<\/strong><\/span> marque une \u00e9tape importante dans sa carri\u00e8re. Il a travaill\u00e9 fort pour terminer ses \u00e9tudes et est maintenant pr\u00eat \u00e0 relever les d\u00e9fis de l&#8217;industrie du jardinage. Gr\u00e2ce \u00e0 ses connaissances et son exp\u00e9rience, Mike sera en mesure d&#8217;accompagner les clients dans leurs projets d&#8217;am\u00e9nagement paysager et de contribuer \u00e0 la croissance de leur entreprise. Ses \u00e9tudes lui ont \u00e9galement fourni les comp\u00e9tences n\u00e9cessaires pour devenir un entrepreneur \u00e0 succ\u00e8s dans ce domaine. Le d\u00e9vouement et l&#8217;enthousiasme de Mike pour le jardinage ont \u00e9t\u00e9 r\u00e9compens\u00e9s, car il est maintenant pr\u00eat \u00e0 avoir un impact positif sur l&#8217;environnement.<\/p><p><strong><img decoding=\"async\" loading=\"lazy\" class=\"size-medium wp-image-503 aligncenter\" src=\"https:\/\/nature-studios.ca\/wp-content\/uploads\/2023\/06\/formation_horticole-300x94.png\" alt=\"\" width=\"300\" height=\"94\" srcset=\"https:\/\/nature-studios.ca\/wp-content\/uploads\/2023\/06\/formation_horticole-300x94.png 300w, https:\/\/nature-studios.ca\/wp-content\/uploads\/2023\/06\/formation_horticole-768x241.png 768w, https:\/\/nature-studios.ca\/wp-content\/uploads\/2023\/06\/formation_horticole.png 778w\" sizes=\"(max-width: 300px) 100vw, 300px\" \/><\/strong><\/p>\t\t\t\t\t\t<\/div>\n\t\t\t\t<\/div>\n\t\t\t\t<div class=\"elementor-element elementor-element-41a203d elementor-widget elementor-widget-text-editor\" data-id=\"41a203d\" data-element_type=\"widget\" data-widget_type=\"text-editor.default\">\n\t\t\t\t<div class=\"elementor-widget-container\">\n\t\t\t\t\t\t\t<p style=\"text-align: center;\"><strong>NATURE STUDIOS<\/strong><\/p>\t\t\t\t\t\t<\/div>\n\t\t\t\t<\/div>\n\t\t\t\t\t<\/div>\n\t\t<\/div>\n\t\t\t\t\t\t\t<\/div>\n\t\t<\/section>\n\t\t\t\t\t\t\t<\/div>\n\t\t","protected":false},"excerpt":{"rendered":"<p>\u00c0 propos MIKE.KB Mike est un professionnel tr\u00e8s exp\u00e9riment\u00e9 dans le domaine de l&#8217;entretien et de l&#8217;installation. Avec plus de 20 000 heures d&#8217;exp\u00e9rience, vous pouvez \u00eatre s\u00fbr qu&#8217;il poss\u00e8de les comp\u00e9tences et le savoir-faire n\u00e9cessaires pour bien faire le travail. Il a la r\u00e9putation d&#8217;\u00eatre fiable, efficace et comp\u00e9tent dans tous les aspects de &hellip;<\/p>\n<p class=\"read-more\"> <a class=\"\" href=\"https:\/\/nature-studios.ca\/index.php\/about\/\"> <span class=\"screen-reader-text\">\u00c0 propos<\/span> Read More &raquo;<\/a><\/p>\n","protected":false},"author":1,"featured_media":0,"parent":0,"menu_order":0,"comment_status":"closed","ping_status":"closed","template":"","meta":{"site-sidebar-layout":"no-sidebar","site-content-layout":"page-builder","ast-global-header-display":"","ast-banner-title-visibility":"","ast-main-header-display":"","ast-hfb-above-header-display":"","ast-hfb-below-header-display":"","ast-hfb-mobile-header-display":"","site-post-title":"disabled","ast-breadcrumbs-content":"","ast-featured-img":"","footer-sml-layout":"","theme-transparent-header-meta":"enabled","adv-header-id-meta":"","stick-header-meta":"","header-above-stick-meta":"","header-main-stick-meta":"","header-below-stick-meta":""},"_links":{"self":[{"href":"https:\/\/nature-studios.ca\/index.php\/wp-json\/wp\/v2\/pages\/214"}],"collection":[{"href":"https:\/\/nature-studios.ca\/index.php\/wp-json\/wp\/v2\/pages"}],"about":[{"href":"https:\/\/nature-studios.ca\/index.php\/wp-json\/wp\/v2\/types\/page"}],"author":[{"embeddable":true,"href":"https:\/\/nature-studios.ca\/index.php\/wp-json\/wp\/v2\/users\/1"}],"replies":[{"embeddable":true,"href":"https:\/\/nature-studios.ca\/index.php\/wp-json\/wp\/v2\/comments?post=214"}],"version-history":[{"count":14,"href":"https:\/\/nature-studios.ca\/index.php\/wp-json\/wp\/v2\/pages\/214\/revisions"}],"predecessor-version":[{"id":597,"href":"https:\/\/nature-studios.ca\/index.php\/wp-json\/wp\/v2\/pages\/214\/revisions\/597"}],"wp:attachment":[{"href":"https:\/\/nature-studios.ca\/index.php\/wp-json\/wp\/v2\/media?parent=214"}],"curies":[{"name":"wp","href":"https:\/\/api.w.org\/{rel}","templated":true}]}}