{"id":215,"date":"2020-04-13T11:18:50","date_gmt":"2020-04-13T11:18:50","guid":{"rendered":"https:\/\/nature-studios.ca\/index.php\/services\/"},"modified":"2023-06-30T01:19:07","modified_gmt":"2023-06-30T01:19:07","slug":"services","status":"publish","type":"page","link":"https:\/\/nature-studios.ca\/index.php\/services\/","title":{"rendered":"Services"},"content":{"rendered":"\t\t<div data-elementor-type=\"wp-page\" data-elementor-id=\"215\" class=\"elementor elementor-215\">\n\t\t\t\t\t\t\t\t\t<section class=\"elementor-section elementor-top-section elementor-element elementor-element-1b0a5d33 elementor-section-boxed elementor-section-height-default elementor-section-height-default\" data-id=\"1b0a5d33\" data-element_type=\"section\" data-settings=\"{&quot;background_background&quot;:&quot;classic&quot;}\" data-e-bg-lazyload=\"\">\n\t\t\t\t\t\t\t<div class=\"elementor-background-overlay\"><\/div>\n\t\t\t\t\t\t\t<div class=\"elementor-container elementor-column-gap-default\">\n\t\t\t\t\t<div class=\"elementor-column elementor-col-100 elementor-top-column elementor-element elementor-element-1f841ba\" data-id=\"1f841ba\" data-element_type=\"column\">\n\t\t\t<div class=\"elementor-widget-wrap elementor-element-populated\">\n\t\t\t\t\t\t\t\t<div class=\"elementor-element elementor-element-365ba0bd elementor-widget elementor-widget-heading\" data-id=\"365ba0bd\" data-element_type=\"widget\" data-widget_type=\"heading.default\">\n\t\t\t\t<div class=\"elementor-widget-container\">\n\t\t\t<style>\/*! elementor - v3.13.3 - 28-05-2023 *\/\n.elementor-heading-title{padding:0;margin:0;line-height:1}.elementor-widget-heading .elementor-heading-title[class*=elementor-size-]>a{color:inherit;font-size:inherit;line-height:inherit}.elementor-widget-heading .elementor-heading-title.elementor-size-small{font-size:15px}.elementor-widget-heading .elementor-heading-title.elementor-size-medium{font-size:19px}.elementor-widget-heading .elementor-heading-title.elementor-size-large{font-size:29px}.elementor-widget-heading .elementor-heading-title.elementor-size-xl{font-size:39px}.elementor-widget-heading .elementor-heading-title.elementor-size-xxl{font-size:59px}<\/style><h1 class=\"elementor-heading-title elementor-size-default\">NOS SERVICES<\/h1>\t\t<\/div>\n\t\t\t\t<\/div>\n\t\t\t\t\t<\/div>\n\t\t<\/div>\n\t\t\t\t\t\t\t<\/div>\n\t\t<\/section>\n\t\t\t\t<section class=\"elementor-section elementor-top-section elementor-element elementor-element-4d2c9e9 elementor-reverse-mobile elementor-section-boxed elementor-section-height-default elementor-section-height-default\" data-id=\"4d2c9e9\" data-element_type=\"section\">\n\t\t\t\t\t\t<div class=\"elementor-container elementor-column-gap-no\">\n\t\t\t\t\t<div class=\"elementor-column elementor-col-50 elementor-top-column elementor-element elementor-element-1148300\" data-id=\"1148300\" data-element_type=\"column\">\n\t\t\t<div class=\"elementor-widget-wrap elementor-element-populated\">\n\t\t\t\t\t\t\t\t<div class=\"elementor-element elementor-element-f142ca0 elementor-position-top elementor-vertical-align-top elementor-widget elementor-widget-image-box\" data-id=\"f142ca0\" data-element_type=\"widget\" data-widget_type=\"image-box.default\">\n\t\t\t\t<div class=\"elementor-widget-container\">\n\t\t\t<style>\/*! elementor - v3.13.3 - 28-05-2023 *\/\n.elementor-widget-image-box .elementor-image-box-content{width:100%}@media (min-width:768px){.elementor-widget-image-box.elementor-position-left .elementor-image-box-wrapper,.elementor-widget-image-box.elementor-position-right .elementor-image-box-wrapper{display:flex}.elementor-widget-image-box.elementor-position-right .elementor-image-box-wrapper{text-align:right;flex-direction:row-reverse}.elementor-widget-image-box.elementor-position-left .elementor-image-box-wrapper{text-align:left;flex-direction:row}.elementor-widget-image-box.elementor-position-top .elementor-image-box-img{margin:auto}.elementor-widget-image-box.elementor-vertical-align-top .elementor-image-box-wrapper{align-items:flex-start}.elementor-widget-image-box.elementor-vertical-align-middle .elementor-image-box-wrapper{align-items:center}.elementor-widget-image-box.elementor-vertical-align-bottom .elementor-image-box-wrapper{align-items:flex-end}}@media (max-width:767px){.elementor-widget-image-box .elementor-image-box-img{margin-left:auto!important;margin-right:auto!important;margin-bottom:15px}}.elementor-widget-image-box .elementor-image-box-img{display:inline-block}.elementor-widget-image-box .elementor-image-box-title a{color:inherit}.elementor-widget-image-box .elementor-image-box-wrapper{text-align:center}.elementor-widget-image-box .elementor-image-box-description{margin:0}<\/style><div class=\"elementor-image-box-wrapper\"><div class=\"elementor-image-box-content\"><h2 class=\"elementor-image-box-title\">Installation<\/h2><p class=\"elementor-image-box-description\">L'installation d'un syst\u00e8me d'arrosage automatique est un excellent moyen d'\u00e9conomiser du temps et de l'argent tout en garantissant que vos plantes re\u00e7oivent l'eau dont elles ont besoin. Avec un syst\u00e8me d'arrosage automatique, vous pouvez le configurer une fois et l'oublier. Il s'occupera de tous les besoins d'arrosage pour vous, sans avoir \u00e0 arroser manuellement vos plantes tous les jours.<\/p><\/div><\/div>\t\t<\/div>\n\t\t\t\t<\/div>\n\t\t\t\t<div class=\"elementor-element elementor-element-7334a220 elementor-widget elementor-widget-button\" data-id=\"7334a220\" data-element_type=\"widget\" data-widget_type=\"button.default\">\n\t\t\t\t<div class=\"elementor-widget-container\">\n\t\t\t\t\t<div class=\"elementor-button-wrapper\">\n\t\t\t<a href=\"https:\/\/nature-studios.ca\/index.php\/contact\/\" class=\"elementor-button-link elementor-button elementor-size-sm\" role=\"button\">\n\t\t\t\t\t\t<span class=\"elementor-button-content-wrapper\">\n\t\t\t\t\t\t<span class=\"elementor-button-text\">CONTACTEZ-NOUS<\/span>\n\t\t<\/span>\n\t\t\t\t\t<\/a>\n\t\t<\/div>\n\t\t\t\t<\/div>\n\t\t\t\t<\/div>\n\t\t\t\t\t<\/div>\n\t\t<\/div>\n\t\t\t\t<div class=\"elementor-column elementor-col-50 elementor-top-column elementor-element elementor-element-7285665\" data-id=\"7285665\" data-element_type=\"column\">\n\t\t\t<div class=\"elementor-widget-wrap elementor-element-populated\">\n\t\t\t\t\t\t\t\t<div class=\"elementor-element elementor-element-508aa5f0 elementor-widget elementor-widget-image\" data-id=\"508aa5f0\" data-element_type=\"widget\" data-widget_type=\"image.default\">\n\t\t\t\t<div class=\"elementor-widget-container\">\n\t\t\t<style>\/*! elementor - v3.13.3 - 28-05-2023 *\/\n.elementor-widget-image{text-align:center}.elementor-widget-image a{display:inline-block}.elementor-widget-image a img[src$=\".svg\"]{width:48px}.elementor-widget-image img{vertical-align:middle;display:inline-block}<\/style>\t\t\t\t\t\t\t\t\t\t\t\t<img decoding=\"async\" width=\"1024\" height=\"673\" src=\"https:\/\/nature-studios.ca\/wp-content\/uploads\/2023\/06\/irrigation-photo-scaled-1-1024x673.jpg\" class=\"attachment-large size-large wp-image-395\" alt=\"\" loading=\"lazy\" srcset=\"https:\/\/nature-studios.ca\/wp-content\/uploads\/2023\/06\/irrigation-photo-scaled-1-1024x673.jpg 1024w, https:\/\/nature-studios.ca\/wp-content\/uploads\/2023\/06\/irrigation-photo-scaled-1-300x197.jpg 300w, https:\/\/nature-studios.ca\/wp-content\/uploads\/2023\/06\/irrigation-photo-scaled-1-768x505.jpg 768w, https:\/\/nature-studios.ca\/wp-content\/uploads\/2023\/06\/irrigation-photo-scaled-1-1536x1009.jpg 1536w, https:\/\/nature-studios.ca\/wp-content\/uploads\/2023\/06\/irrigation-photo-scaled-1-2048x1346.jpg 2048w\" sizes=\"(max-width: 1024px) 100vw, 1024px\" \/>\t\t\t\t\t\t\t\t\t\t\t\t\t\t\t<\/div>\n\t\t\t\t<\/div>\n\t\t\t\t\t<\/div>\n\t\t<\/div>\n\t\t\t\t\t\t\t<\/div>\n\t\t<\/section>\n\t\t\t\t<section class=\"elementor-section elementor-top-section elementor-element elementor-element-9e09982 elementor-section-boxed elementor-section-height-default elementor-section-height-default\" data-id=\"9e09982\" data-element_type=\"section\">\n\t\t\t\t\t\t<div class=\"elementor-container elementor-column-gap-no\">\n\t\t\t\t\t<div class=\"elementor-column elementor-col-50 elementor-top-column elementor-element elementor-element-4b9de95\" data-id=\"4b9de95\" data-element_type=\"column\">\n\t\t\t<div class=\"elementor-widget-wrap elementor-element-populated\">\n\t\t\t\t\t\t\t\t<div class=\"elementor-element elementor-element-1fab74e0 elementor-widget elementor-widget-image\" data-id=\"1fab74e0\" data-element_type=\"widget\" data-widget_type=\"image.default\">\n\t\t\t\t<div class=\"elementor-widget-container\">\n\t\t\t\t\t\t\t\t\t\t\t\t\t\t\t<img decoding=\"async\" width=\"1000\" height=\"766\" src=\"https:\/\/nature-studios.ca\/wp-content\/uploads\/2023\/06\/6e9d79d30a.jpg\" class=\"attachment-large size-large wp-image-396\" alt=\"\" loading=\"lazy\" srcset=\"https:\/\/nature-studios.ca\/wp-content\/uploads\/2023\/06\/6e9d79d30a.jpg 1000w, https:\/\/nature-studios.ca\/wp-content\/uploads\/2023\/06\/6e9d79d30a-300x230.jpg 300w, https:\/\/nature-studios.ca\/wp-content\/uploads\/2023\/06\/6e9d79d30a-768x588.jpg 768w\" sizes=\"(max-width: 1000px) 100vw, 1000px\" \/>\t\t\t\t\t\t\t\t\t\t\t\t\t\t\t<\/div>\n\t\t\t\t<\/div>\n\t\t\t\t\t<\/div>\n\t\t<\/div>\n\t\t\t\t<div class=\"elementor-column elementor-col-50 elementor-top-column elementor-element elementor-element-ddc17dc\" data-id=\"ddc17dc\" data-element_type=\"column\">\n\t\t\t<div class=\"elementor-widget-wrap elementor-element-populated\">\n\t\t\t\t\t\t\t\t<div class=\"elementor-element elementor-element-5fd89a9 elementor-position-top elementor-vertical-align-top elementor-widget elementor-widget-image-box\" data-id=\"5fd89a9\" data-element_type=\"widget\" data-widget_type=\"image-box.default\">\n\t\t\t\t<div class=\"elementor-widget-container\">\n\t\t\t<div class=\"elementor-image-box-wrapper\"><div class=\"elementor-image-box-content\"><h2 class=\"elementor-image-box-title\">R\u00e9paration<\/h2><p class=\"elementor-image-box-description\">La r\u00e9paration des d\u00e9fauts dans le syst\u00e8me d'irrigation est une t\u00e2che critique pour les propri\u00e9t\u00e9s r\u00e9sidentielles et commerciales. Si vous n'avez pas besoin d'une compr\u00e9hension approfondie du syst\u00e8me, ces composants et de la mani\u00e8re dont ils interagissent les uns avec les autres. En outre, cela n\u00e9cessite \u00e9galement une connaissance du climat local et des conditions du sol pour s'assurer que le syst\u00e8me d'irrigation fonctionne de mani\u00e8re optimale.<\/p><\/div><\/div>\t\t<\/div>\n\t\t\t\t<\/div>\n\t\t\t\t<div class=\"elementor-element elementor-element-d6d9527 elementor-widget elementor-widget-button\" data-id=\"d6d9527\" data-element_type=\"widget\" data-widget_type=\"button.default\">\n\t\t\t\t<div class=\"elementor-widget-container\">\n\t\t\t\t\t<div class=\"elementor-button-wrapper\">\n\t\t\t<a href=\"https:\/\/nature-studios.ca\/index.php\/contact\/\" class=\"elementor-button-link elementor-button elementor-size-sm\" role=\"button\">\n\t\t\t\t\t\t<span class=\"elementor-button-content-wrapper\">\n\t\t\t\t\t\t<span class=\"elementor-button-text\">CONTACTEZ-NOUS<\/span>\n\t\t<\/span>\n\t\t\t\t\t<\/a>\n\t\t<\/div>\n\t\t\t\t<\/div>\n\t\t\t\t<\/div>\n\t\t\t\t\t<\/div>\n\t\t<\/div>\n\t\t\t\t\t\t\t<\/div>\n\t\t<\/section>\n\t\t\t\t<section class=\"elementor-section elementor-top-section elementor-element elementor-element-6027d0f elementor-reverse-mobile elementor-section-boxed elementor-section-height-default elementor-section-height-default\" data-id=\"6027d0f\" data-element_type=\"section\">\n\t\t\t\t\t\t<div class=\"elementor-container elementor-column-gap-no\">\n\t\t\t\t\t<div class=\"elementor-column elementor-col-50 elementor-top-column elementor-element elementor-element-355c572\" data-id=\"355c572\" data-element_type=\"column\">\n\t\t\t<div class=\"elementor-widget-wrap elementor-element-populated\">\n\t\t\t\t\t\t\t\t<div class=\"elementor-element elementor-element-feeaa45 elementor-position-top elementor-vertical-align-top elementor-widget elementor-widget-image-box\" data-id=\"feeaa45\" data-element_type=\"widget\" data-widget_type=\"image-box.default\">\n\t\t\t\t<div class=\"elementor-widget-container\">\n\t\t\t<div class=\"elementor-image-box-wrapper\"><div class=\"elementor-image-box-content\"><h2 class=\"elementor-image-box-title\"><h2 class=\"elementor-heading-title elementor-size-default\" style=\"font-size: 1.64706rem; font-style: normal; margin-bottom: 0px; text-align: center; white-space-collapse: collapse; background-color: rgb(255, 252, 252);\"><a href=\"https:\/\/nature-studios.ca\/index.php\/services\/\" style=\"font-size: inherit; line-height: inherit;\">Ouverture et fermeture<\/a><\/h2><\/h2><p class=\"elementor-image-box-description\">Ouvrir et fermer le syst\u00e8me d'irrigation est un \u00e9l\u00e9ment important pour garder votre paysage sain et beau. Au printemps, il est important d'ouvrir le syst\u00e8me d'arrosage afin de fournir suffisamment d'eau pour votre pelouse et vos plantes. \u00c0 l'automne, il est tout aussi important de fermer correctement le syst\u00e8me d'arrosage afin d'\u00e9viter les dommages caus\u00e9s par les temp\u00e9ratures glaciales. Les deux t\u00e2ches n\u00e9cessitent une connaissance du fonctionnement d'un syst\u00e8me de gicleurs et des techniques d'entretien appropri\u00e9es pour \u00eatre effectu\u00e9es correctement. Avec un peu de pr\u00e9paration, vous pouvez vous assurer que votre syst\u00e8me d'arrosage est pr\u00eat pour les deux saisons !<\/p><\/div><\/div>\t\t<\/div>\n\t\t\t\t<\/div>\n\t\t\t\t<div class=\"elementor-element elementor-element-882c271 elementor-widget elementor-widget-button\" data-id=\"882c271\" data-element_type=\"widget\" data-widget_type=\"button.default\">\n\t\t\t\t<div class=\"elementor-widget-container\">\n\t\t\t\t\t<div class=\"elementor-button-wrapper\">\n\t\t\t<a href=\"https:\/\/nature-studios.ca\/index.php\/contact\/\" class=\"elementor-button-link elementor-button elementor-size-sm\" role=\"button\">\n\t\t\t\t\t\t<span class=\"elementor-button-content-wrapper\">\n\t\t\t\t\t\t<span class=\"elementor-button-text\">CONTACTEZ-NOUS<\/span>\n\t\t<\/span>\n\t\t\t\t\t<\/a>\n\t\t<\/div>\n\t\t\t\t<\/div>\n\t\t\t\t<\/div>\n\t\t\t\t\t<\/div>\n\t\t<\/div>\n\t\t\t\t<div class=\"elementor-column elementor-col-50 elementor-top-column elementor-element elementor-element-623a32c\" data-id=\"623a32c\" data-element_type=\"column\">\n\t\t\t<div class=\"elementor-widget-wrap elementor-element-populated\">\n\t\t\t\t\t\t\t\t<div class=\"elementor-element elementor-element-628e670 elementor-widget elementor-widget-image\" data-id=\"628e670\" data-element_type=\"widget\" data-widget_type=\"image.default\">\n\t\t\t\t<div class=\"elementor-widget-container\">\n\t\t\t\t\t\t\t\t\t\t\t\t\t\t\t<img decoding=\"async\" width=\"1000\" height=\"665\" src=\"https:\/\/nature-studios.ca\/wp-content\/uploads\/2023\/06\/ac5603520f.jpg\" class=\"attachment-large size-large wp-image-393\" alt=\"\" loading=\"lazy\" srcset=\"https:\/\/nature-studios.ca\/wp-content\/uploads\/2023\/06\/ac5603520f.jpg 1000w, https:\/\/nature-studios.ca\/wp-content\/uploads\/2023\/06\/ac5603520f-300x200.jpg 300w, https:\/\/nature-studios.ca\/wp-content\/uploads\/2023\/06\/ac5603520f-768x511.jpg 768w\" sizes=\"(max-width: 1000px) 100vw, 1000px\" \/>\t\t\t\t\t\t\t\t\t\t\t\t\t\t\t<\/div>\n\t\t\t\t<\/div>\n\t\t\t\t\t<\/div>\n\t\t<\/div>\n\t\t\t\t\t\t\t<\/div>\n\t\t<\/section>\n\t\t\t\t<section class=\"elementor-section elementor-top-section elementor-element elementor-element-f400e0c elementor-section-boxed elementor-section-height-default elementor-section-height-default\" data-id=\"f400e0c\" data-element_type=\"section\">\n\t\t\t\t\t\t<div class=\"elementor-container elementor-column-gap-no\">\n\t\t\t\t\t<div class=\"elementor-column elementor-col-50 elementor-top-column elementor-element elementor-element-1795c6b\" data-id=\"1795c6b\" data-element_type=\"column\">\n\t\t\t<div class=\"elementor-widget-wrap elementor-element-populated\">\n\t\t\t\t\t\t\t\t<div class=\"elementor-element elementor-element-2157518 elementor-widget elementor-widget-image\" data-id=\"2157518\" data-element_type=\"widget\" data-widget_type=\"image.default\">\n\t\t\t\t<div class=\"elementor-widget-container\">\n\t\t\t\t\t\t\t\t\t\t\t\t\t\t\t<img decoding=\"async\" width=\"1000\" height=\"667\" src=\"https:\/\/nature-studios.ca\/wp-content\/uploads\/2023\/06\/982ca33993.jpg\" class=\"attachment-large size-large wp-image-312\" alt=\"\" loading=\"lazy\" srcset=\"https:\/\/nature-studios.ca\/wp-content\/uploads\/2023\/06\/982ca33993.jpg 1000w, https:\/\/nature-studios.ca\/wp-content\/uploads\/2023\/06\/982ca33993-300x200.jpg 300w, https:\/\/nature-studios.ca\/wp-content\/uploads\/2023\/06\/982ca33993-768x512.jpg 768w\" sizes=\"(max-width: 1000px) 100vw, 1000px\" \/>\t\t\t\t\t\t\t\t\t\t\t\t\t\t\t<\/div>\n\t\t\t\t<\/div>\n\t\t\t\t\t<\/div>\n\t\t<\/div>\n\t\t\t\t<div class=\"elementor-column elementor-col-50 elementor-top-column elementor-element elementor-element-e8f197b\" data-id=\"e8f197b\" data-element_type=\"column\">\n\t\t\t<div class=\"elementor-widget-wrap elementor-element-populated\">\n\t\t\t\t\t\t\t\t<div class=\"elementor-element elementor-element-25ab79d elementor-position-top elementor-vertical-align-top elementor-widget elementor-widget-image-box\" data-id=\"25ab79d\" data-element_type=\"widget\" data-widget_type=\"image-box.default\">\n\t\t\t\t<div class=\"elementor-widget-container\">\n\t\t\t<div class=\"elementor-image-box-wrapper\"><div class=\"elementor-image-box-content\"><h2 class=\"elementor-image-box-title\"><h2 class=\"elementor-heading-title elementor-size-default\" style=\"font-size: 1.64706rem; font-style: normal; margin-bottom: 0px; text-align: center; white-space-collapse: collapse; background-color: rgb(255, 252, 252);\"><a href=\"https:\/\/nature-studios.ca\/index.php\/services\/\" style=\"font-size: inherit; line-height: inherit;\">\u00c9CLAIRAGE PAYSAGER<\/a><\/h2><\/h2><p class=\"elementor-image-box-description\">Enchantez vos nuits avec une illumination magique pour votre jardin! Je cr\u00e9e des ambiances uniques et met en valeur chaque d\u00e9tail de votre espace ext\u00e9rieur avec des solutions d'\u00e9clairage esth\u00e9tiques et fonctionnelles. Laissez-moi illuminer votre jardin et lui donner une nouvelle dimension. Rendez-vous dans les \u00e9toiles avec mes cr\u00e9ations lumineuses spectaculaires!<\/p><\/div><\/div>\t\t<\/div>\n\t\t\t\t<\/div>\n\t\t\t\t<div class=\"elementor-element elementor-element-4abe970 elementor-widget elementor-widget-button\" data-id=\"4abe970\" data-element_type=\"widget\" data-widget_type=\"button.default\">\n\t\t\t\t<div class=\"elementor-widget-container\">\n\t\t\t\t\t<div class=\"elementor-button-wrapper\">\n\t\t\t<a href=\"https:\/\/nature-studios.ca\/index.php\/contact\/\" class=\"elementor-button-link elementor-button elementor-size-sm\" role=\"button\">\n\t\t\t\t\t\t<span class=\"elementor-button-content-wrapper\">\n\t\t\t\t\t\t<span class=\"elementor-button-text\">CONTACTEZ-NOUS<\/span>\n\t\t<\/span>\n\t\t\t\t\t<\/a>\n\t\t<\/div>\n\t\t\t\t<\/div>\n\t\t\t\t<\/div>\n\t\t\t\t\t<\/div>\n\t\t<\/div>\n\t\t\t\t\t\t\t<\/div>\n\t\t<\/section>\n\t\t\t\t<section class=\"elementor-section elementor-top-section elementor-element elementor-element-11c9b5e elementor-section-content-middle elementor-section-boxed elementor-section-height-default elementor-section-height-default\" data-id=\"11c9b5e\" data-element_type=\"section\" data-settings=\"{&quot;background_background&quot;:&quot;classic&quot;}\">\n\t\t\t\t\t\t<div class=\"elementor-container elementor-column-gap-no\">\n\t\t\t\t\t<div class=\"elementor-column elementor-col-100 elementor-top-column elementor-element elementor-element-8712de8\" data-id=\"8712de8\" data-element_type=\"column\">\n\t\t\t<div class=\"elementor-widget-wrap elementor-element-populated\">\n\t\t\t\t\t\t\t\t<div class=\"elementor-element elementor-element-a18c796 elementor-position-top elementor-vertical-align-top elementor-widget elementor-widget-image-box\" data-id=\"a18c796\" data-element_type=\"widget\" data-widget_type=\"image-box.default\">\n\t\t\t\t<div class=\"elementor-widget-container\">\n\t\t\t<div class=\"elementor-image-box-wrapper\"><figure class=\"elementor-image-box-img\"><img decoding=\"async\" width=\"150\" height=\"150\" src=\"https:\/\/nature-studios.ca\/wp-content\/uploads\/2023\/06\/smart-agriculture-logo-template-design_316488-logo-1-150x150.png\" class=\"attachment-thumbnail size-thumbnail wp-image-339\" alt=\"\" loading=\"lazy\" srcset=\"https:\/\/nature-studios.ca\/wp-content\/uploads\/2023\/06\/smart-agriculture-logo-template-design_316488-logo-1-150x150.png 150w, https:\/\/nature-studios.ca\/wp-content\/uploads\/2023\/06\/smart-agriculture-logo-template-design_316488-logo-1-300x300.png 300w, https:\/\/nature-studios.ca\/wp-content\/uploads\/2023\/06\/smart-agriculture-logo-template-design_316488-logo-1-1024x1024.png 1024w, https:\/\/nature-studios.ca\/wp-content\/uploads\/2023\/06\/smart-agriculture-logo-template-design_316488-logo-1-768x768.png 768w, https:\/\/nature-studios.ca\/wp-content\/uploads\/2023\/06\/smart-agriculture-logo-template-design_316488-logo-1-1536x1536.png 1536w, https:\/\/nature-studios.ca\/wp-content\/uploads\/2023\/06\/smart-agriculture-logo-template-design_316488-logo-1.png 2000w\" sizes=\"(max-width: 150px) 100vw, 150px\" \/><\/figure><div class=\"elementor-image-box-content\"><h5 class=\"elementor-image-box-title\"><p dir=\"auto\" data-pm-slice=\"1 1 []\">Gardez votre pelouse hydrat\u00e9e et luxuriante! Nous sommes les meilleurs dans la r\u00e9gion de Montr\u00e9al-Laval-Laurentides pour tous vos besoins en syst\u00e8me d'irrigation et d'arrosage.<\/p><\/h5><p class=\"elementor-image-box-description\">NATURE STUDIOS<\/p><\/div><\/div>\t\t<\/div>\n\t\t\t\t<\/div>\n\t\t\t\t\t<\/div>\n\t\t<\/div>\n\t\t\t\t\t\t\t<\/div>\n\t\t<\/section>\n\t\t\t\t\t\t\t<\/div>\n\t\t","protected":false},"excerpt":{"rendered":"<p>NOS SERVICES Installation L&#8217;installation d&#8217;un syst\u00e8me d&#8217;arrosage automatique est un excellent moyen d&#8217;\u00e9conomiser du temps et de l&#8217;argent tout en garantissant que vos plantes re\u00e7oivent l&#8217;eau dont elles ont besoin. Avec un syst\u00e8me d&#8217;arrosage automatique, vous pouvez le configurer une fois et l&#8217;oublier. Il s&#8217;occupera de tous les besoins d&#8217;arrosage pour vous, sans avoir \u00e0 &hellip;<\/p>\n<p class=\"read-more\"> <a class=\"\" href=\"https:\/\/nature-studios.ca\/index.php\/services\/\"> <span class=\"screen-reader-text\">Services<\/span> Read More &raquo;<\/a><\/p>\n","protected":false},"author":1,"featured_media":0,"parent":0,"menu_order":0,"comment_status":"closed","ping_status":"closed","template":"","meta":{"site-sidebar-layout":"no-sidebar","site-content-layout":"page-builder","ast-global-header-display":"","ast-banner-title-visibility":"","ast-main-header-display":"","ast-hfb-above-header-display":"","ast-hfb-below-header-display":"","ast-hfb-mobile-header-display":"","site-post-title":"disabled","ast-breadcrumbs-content":"","ast-featured-img":"","footer-sml-layout":"","theme-transparent-header-meta":"enabled","adv-header-id-meta":"","stick-header-meta":"","header-above-stick-meta":"","header-main-stick-meta":"","header-below-stick-meta":""},"_links":{"self":[{"href":"https:\/\/nature-studios.ca\/index.php\/wp-json\/wp\/v2\/pages\/215"}],"collection":[{"href":"https:\/\/nature-studios.ca\/index.php\/wp-json\/wp\/v2\/pages"}],"about":[{"href":"https:\/\/nature-studios.ca\/index.php\/wp-json\/wp\/v2\/types\/page"}],"author":[{"embeddable":true,"href":"https:\/\/nature-studios.ca\/index.php\/wp-json\/wp\/v2\/users\/1"}],"replies":[{"embeddable":true,"href":"https:\/\/nature-studios.ca\/index.php\/wp-json\/wp\/v2\/comments?post=215"}],"version-history":[{"count":34,"href":"https:\/\/nature-studios.ca\/index.php\/wp-json\/wp\/v2\/pages\/215\/revisions"}],"predecessor-version":[{"id":721,"href":"https:\/\/nature-studios.ca\/index.php\/wp-json\/wp\/v2\/pages\/215\/revisions\/721"}],"wp:attachment":[{"href":"https:\/\/nature-studios.ca\/index.php\/wp-json\/wp\/v2\/media?parent=215"}],"curies":[{"name":"wp","href":"https:\/\/api.w.org\/{rel}","templated":true}]}}